
{"id":994,"date":"2012-09-18T18:39:27","date_gmt":"2012-09-18T15:39:27","guid":{"rendered":"https:\/\/www.kamerkoristonika.lv\/?page_id=994"},"modified":"2025-08-18T17:26:27","modified_gmt":"2025-08-18T15:26:27","slug":"leaders","status":"publish","type":"page","link":"https:\/\/www.kamerkoristonika.lv\/en\/leaders\/","title":{"rendered":"Leaders"},"content":{"rendered":"<p>\u00a0<div class=\"one-forth\"><img loading=\"lazy\" decoding=\"async\" title=\"Inga Cimi\u0146a\" alt=\"\" src=\"https:\/\/www.kamerkoristonika.lv\/wp-content\/uploads\/2012\/09\/in1.jpg\" width=\"235\" height=\"180\" \/> <\/div> <div class=\"three-forth last\"><h3>Inga Cimi\u0146a &#8211; artistic director, conducter<\/h3>\n<p>Tik vienk\u0101r\u0161i&#8230; dar\u012bt ar m\u012blest\u012bbu \u2013 dzi\u013cu, personisku, nenov\u0113r\u0161amu. Dar\u012bt ar prieku, smiekliem un reiz\u0113 atbild\u012bbu. Rad\u012bt sav\u0113jo saj\u016btu. Un ne\u013caut cilv\u0113c\u012bbu kr\u0101pt&#8230; <div class=\"contact-info\"><p><span class=\"icon-mail\">inga.cimina@kamerkoristonika.lv<\/span><\/p><\/div> <div class=\"contact-info\"><p><span class=\"icon-cellphone\">(+371) 26350621<\/span><\/p><\/div><\/div><div class=\"clearfix\"><\/div> <div class=\"divider\"><\/div> <div class=\"one-forth\"><a href=\"https:\/\/www.kamerkoristonika.lv\/wp-content\/uploads\/2012\/09\/IMG_4368.jpg\"><img loading=\"lazy\" decoding=\"async\" alt=\"IMG_4368\" src=\"https:\/\/www.kamerkoristonika.lv\/wp-content\/uploads\/2012\/09\/IMG_4368.jpg\" width=\"180\" height=\"245\" \/><\/a> <\/div> <div class=\"three-forth last\"><h3>Annija Stradi\u0146a &#8211; vocal coach<\/h3>\n<p>Dzied\u0101\u0161anas process veicina un atver sieviet\u0113 sievi\u0161\u0137\u012bbu, k\u0101 ar\u012b harmoniz\u0113 un atvese\u013co t\u0101s emocion\u0101lo pasauli. <div class=\"contact-info\"><p><span class=\"icon-mail\">annija.dike@kamerkoristonika.lv<\/span><\/p><\/div> <div class=\"contact-info\"><p><span class=\"icon-cellphone\">(+371) 20335226<\/span><\/p><\/div><\/div><div class=\"clearfix\"><\/div> <div class=\"divider\"><\/div> <div class=\"one-forth\"><a href=\"https:\/\/www.kamerkoristonika.lv\/wp-content\/uploads\/2012\/09\/IMG-20170924-WA0000.jpg\"><img loading=\"lazy\" decoding=\"async\" alt=\"IMG-20170924-WA0000\" src=\"https:\/\/www.kamerkoristonika.lv\/wp-content\/uploads\/2012\/09\/IMG-20170924-WA0000.jpg\" width=\"175\" height=\"261\" \/><\/a> <\/div> <div class=\"three-forth last\"><h3>Ir\u012bna Rebh\u016bna &#8211; choir master<\/h3>\n<p>Dz\u012bve ir skaista, sare\u017e\u0123\u012bta un aspr\u0101t\u012bga. Katra diena nes jaunus, negaid\u012btus pav\u0113rsienus, p\u0101rsteigumus, tikai j\u0101prot saskat\u012bt un pie\u0146emt, risk\u0113t un nenob\u012bties. Jo dz\u012bvojam vienu reizi un ir tikai viena iesp\u0113ja nodz\u012bvot to godam. <div class=\"contact-info\"><p><span class=\"icon-mail\">irina.rebhuna@kamerkoristonika.lv<\/span><\/p><\/div><div class=\"contact-info\"><p><span class=\"icon-cellphone\">(+371) 29665253 <\/span><\/p><\/div><\/div><div class=\"clearfix\"><\/div> <div class=\"divider\"><\/div> <div class=\"one-forth\"> <a href=\"https:\/\/www.kamerkoristonika.lv\/wp-content\/uploads\/2012\/09\/10.06_2.jpg\"><img loading=\"lazy\" decoding=\"async\" alt=\"10.06_2\" src=\"https:\/\/www.kamerkoristonika.lv\/wp-content\/uploads\/2012\/09\/10.06_2.jpg\" width=\"230\" height=\"230\" \/><\/a> <\/div> <div class=\"three-forth last\"><h3>Santa Vanc\u0101ne &#8211; management<\/h3>\n<p><div class=\"contact-info\"><p><span class=\"icon-mail\">info@kamerkoristonika.lv<\/span><\/p><\/div> <div class=\"contact-info\"><p><span class=\"icon-cellphone\">(+371) 29385336<\/span><\/p><\/div><\/div><div class=\"clearfix\"><\/div><\/p>","protected":false},"excerpt":{"rendered":"<p>\u00a0<\/p>\n","protected":false},"author":1,"featured_media":0,"parent":0,"menu_order":0,"comment_status":"closed","ping_status":"closed","template":"fullwidth.php","meta":{"footnotes":""},"class_list":["post-994","page","type-page","status-publish","hentry"],"_links":{"self":[{"href":"https:\/\/www.kamerkoristonika.lv\/en\/wp-json\/wp\/v2\/pages\/994","targetHints":{"allow":["GET"]}}],"collection":[{"href":"https:\/\/www.kamerkoristonika.lv\/en\/wp-json\/wp\/v2\/pages"}],"about":[{"href":"https:\/\/www.kamerkoristonika.lv\/en\/wp-json\/wp\/v2\/types\/page"}],"author":[{"embeddable":true,"href":"https:\/\/www.kamerkoristonika.lv\/en\/wp-json\/wp\/v2\/users\/1"}],"replies":[{"embeddable":true,"href":"https:\/\/www.kamerkoristonika.lv\/en\/wp-json\/wp\/v2\/comments?post=994"}],"version-history":[{"count":73,"href":"https:\/\/www.kamerkoristonika.lv\/en\/wp-json\/wp\/v2\/pages\/994\/revisions"}],"predecessor-version":[{"id":4740,"href":"https:\/\/www.kamerkoristonika.lv\/en\/wp-json\/wp\/v2\/pages\/994\/revisions\/4740"}],"wp:attachment":[{"href":"https:\/\/www.kamerkoristonika.lv\/en\/wp-json\/wp\/v2\/media?parent=994"}],"curies":[{"name":"wp","href":"https:\/\/api.w.org\/{rel}","templated":true}]}}