
{"id":385,"date":"2011-10-19T07:59:06","date_gmt":"2011-10-19T07:59:06","guid":{"rendered":"http:\/\/mywork.turkhitbox.com\/?page_id=385"},"modified":"2018-04-29T12:59:01","modified_gmt":"2018-04-29T10:59:01","slug":"frontpage-nivo-slider","status":"publish","type":"page","link":"https:\/\/www.kamerkoristonika.lv\/en\/","title":{"rendered":"Home"},"content":{"rendered":"<p><div class=\"two-third\"><div class=\"tabcontainer\"><ul class=\"tabs\"><li><a title=\"Tonika\" href=\"#tab-0\">Tonika<\/a><\/li><li><a title=\"Schedule\" href=\"#tab-1\">Schedule<\/a><\/li><\/ul><div id=\"tab-0\">Chamber choir <span style=\"color: #ff6600;\"><strong>&#8220;Tonika&#8221;<\/strong><\/span> was founded in 1966. The choir&#8217;s repertoire includes both spiritual, and mundane music varied from Renaissance till nowadays as well as Latvian and foreign music. The choir concert life is active in Latvia and abroad. <span style=\"color: #ff6600;\"><strong>&#8220;Tonika&#8221;<\/strong><\/span> regularly participates in concerts, festivals and competitions in the Czech Republic, Germany, Austria, Slovenia, Switzerland, France and Italy. <strong><span style=\"color: #ff6600;\">&#8220;Tonika&#8221;<\/span><\/strong> \u00a0has three different age groups:<\/p>\n<ul>\n<li>Studio (6 \u2013 12 year olds)<\/li>\n<li>Girls choir (12 \u2013 16 year olds)<\/li>\n<li>Chamber choir (16 \u2013 25 year olds)<\/li>\n<\/ul>\n<p>Attractive concerts and musical performances are regularly staged apart from academic music concerts. Traditions &#8211; summer camps, dancing, common events and celebrations play an important role in <span style=\"color: #ff6600;\"><strong>\u201cTonika&#8217;s\u201d<\/strong><\/span> daily life.<\/div><div id=\"tab-1\"><\/p>\n<h3>Rehearsal schedule<\/h3>\n<table class=\"bordered-table\" width=\"510\">\n<thead>\n<tr>\n<th><\/th>\n<th>Monday<\/th>\n<th>Tuesday<\/th>\n<th>Wednesday<\/th>\n<th>Thursday<\/th>\n<th>Friday<\/th>\n<\/tr>\n<\/thead>\n<tbody>\n<tr>\n<td>Studio<\/td>\n<td><\/td>\n<td>17.00\u201318.20<\/td>\n<td><\/td>\n<td><\/td>\n<td>\u00a017.00-18.00<\/td>\n<\/tr>\n<tr>\n<td>Girls choir<\/td>\n<td>17.00\u201319.00<\/td>\n<td><\/td>\n<td>17.00\u201319.00<\/td>\n<td>17.00 \u201319.00<\/td>\n<td><\/td>\n<\/tr>\n<tr>\n<td>Chamber choir<\/td>\n<td>19.00\u201321.00<\/td>\n<td>18.30\u201320.30<\/td>\n<td><\/td>\n<td>19.00 \u201321.00<\/td>\n<td><\/td>\n<\/tr>\n<\/tbody>\n<\/table>\n<p><\/div><\/div> <\/div> <div class=\"one-third last\"><h6>Latest News<\/h6>\n<div class=\"blog_posts\"><ul><li><a class=\"left\" href=\"https:\/\/www.kamerkoristonika.lv\/en\/mes-un-cali\/\" title=\"(Latvie\u0161u) M\u0113s un c\u0101\u013ci\"><img loading=\"lazy\" decoding=\"async\" width=\"60\" height=\"60\" src=\"https:\/\/www.kamerkoristonika.lv\/wp-content\/uploads\/2020\/04\/IMG_7399-60x60.jpg\" class=\"attachment-post-thumbnail size-post-thumbnail wp-post-image\" alt=\"\" srcset=\"https:\/\/www.kamerkoristonika.lv\/wp-content\/uploads\/2020\/04\/IMG_7399-60x60.jpg 60w, https:\/\/www.kamerkoristonika.lv\/wp-content\/uploads\/2020\/04\/IMG_7399-150x150.jpg 150w, https:\/\/www.kamerkoristonika.lv\/wp-content\/uploads\/2020\/04\/IMG_7399-120x120.jpg 120w\" sizes=\"auto, (max-width: 60px) 100vw, 60px\" \/><\/a><p><a href=\"https:\/\/www.kamerkoristonika.lv\/en\/mes-un-cali\/\" rel=\"bookmark\" title=\"(Latvie\u0161u) M\u0113s un c\u0101\u013ci\">(Latvie\u0161u) M\u0113s un c\u0101\u013ci<\/a><br \/><span>16\/04\/2020<\/span><\/p><\/li><li><a class=\"left\" href=\"https:\/\/www.kamerkoristonika.lv\/en\/priecigas-lieldienas-3\/\" title=\"(Latvie\u0161u) Priec\u012bgas Lieldienas!\"><img loading=\"lazy\" decoding=\"async\" width=\"60\" height=\"60\" src=\"https:\/\/www.kamerkoristonika.lv\/wp-content\/uploads\/2020\/04\/sveiciens-svetkos-60x60.jpg\" class=\"attachment-post-thumbnail size-post-thumbnail wp-post-image\" alt=\"\" srcset=\"https:\/\/www.kamerkoristonika.lv\/wp-content\/uploads\/2020\/04\/sveiciens-svetkos-60x60.jpg 60w, https:\/\/www.kamerkoristonika.lv\/wp-content\/uploads\/2020\/04\/sveiciens-svetkos-150x150.jpg 150w, https:\/\/www.kamerkoristonika.lv\/wp-content\/uploads\/2020\/04\/sveiciens-svetkos-120x120.jpg 120w\" sizes=\"auto, (max-width: 60px) 100vw, 60px\" \/><\/a><p><a href=\"https:\/\/www.kamerkoristonika.lv\/en\/priecigas-lieldienas-3\/\" rel=\"bookmark\" title=\"(Latvie\u0161u) Priec\u012bgas Lieldienas!\">(Latvie\u0161u) Priec\u012bgas Lieldienas!<\/a><br \/><span>11\/04\/2020<\/span><\/p><\/li><li><a class=\"left\" href=\"https:\/\/www.kamerkoristonika.lv\/en\/attalinati-un-tomer-kopa\/\" title=\"(Latvie\u0161u) Att\u0101lin\u0101ti un tom\u0113r kop\u0101\"><img loading=\"lazy\" decoding=\"async\" width=\"60\" height=\"60\" src=\"https:\/\/www.kamerkoristonika.lv\/wp-content\/uploads\/2020\/04\/44977611_2314392055297468_7102859765566406656_o-60x60.jpg\" class=\"attachment-post-thumbnail size-post-thumbnail wp-post-image\" alt=\"\" srcset=\"https:\/\/www.kamerkoristonika.lv\/wp-content\/uploads\/2020\/04\/44977611_2314392055297468_7102859765566406656_o-60x60.jpg 60w, https:\/\/www.kamerkoristonika.lv\/wp-content\/uploads\/2020\/04\/44977611_2314392055297468_7102859765566406656_o-150x150.jpg 150w, https:\/\/www.kamerkoristonika.lv\/wp-content\/uploads\/2020\/04\/44977611_2314392055297468_7102859765566406656_o-120x120.jpg 120w\" sizes=\"auto, (max-width: 60px) 100vw, 60px\" \/><\/a><p><a href=\"https:\/\/www.kamerkoristonika.lv\/en\/attalinati-un-tomer-kopa\/\" rel=\"bookmark\" title=\"(Latvie\u0161u) Att\u0101lin\u0101ti un tom\u0113r kop\u0101\">(Latvie\u0161u) Att\u0101lin\u0101ti un tom\u0113r kop\u0101<\/a><br \/><span>05\/04\/2020<\/span><\/p><\/li><li><a class=\"left\" href=\"https:\/\/www.kamerkoristonika.lv\/en\/kora-meginajumi-lidz-14-aprilim-atcelti\/\" title=\"(Latvie\u0161u) Kora m\u0113\u0123in\u0101jumi l\u012bdz 14.apr\u012blim atcelti\"><img loading=\"lazy\" decoding=\"async\" width=\"60\" height=\"60\" src=\"https:\/\/www.kamerkoristonika.lv\/wp-content\/uploads\/2020\/03\/89761498_3611637182239609_2070371259706769408_o-60x60.png\" class=\"attachment-post-thumbnail size-post-thumbnail wp-post-image\" alt=\"\" srcset=\"https:\/\/www.kamerkoristonika.lv\/wp-content\/uploads\/2020\/03\/89761498_3611637182239609_2070371259706769408_o-60x60.png 60w, https:\/\/www.kamerkoristonika.lv\/wp-content\/uploads\/2020\/03\/89761498_3611637182239609_2070371259706769408_o-150x150.png 150w, https:\/\/www.kamerkoristonika.lv\/wp-content\/uploads\/2020\/03\/89761498_3611637182239609_2070371259706769408_o-120x120.png 120w\" sizes=\"auto, (max-width: 60px) 100vw, 60px\" \/><\/a><p><a href=\"https:\/\/www.kamerkoristonika.lv\/en\/kora-meginajumi-lidz-14-aprilim-atcelti\/\" rel=\"bookmark\" title=\"(Latvie\u0161u) Kora m\u0113\u0123in\u0101jumi l\u012bdz 14.apr\u012blim atcelti\">(Latvie\u0161u) Kora m\u0113\u0123in\u0101jumi l\u012bdz 14.apr\u012blim atcelti<\/a><br \/><span>13\/03\/2020<\/span><\/p><\/li><\/ul><\/div>\n<div style=\"clear: both;\"><\/div>\n<h6>Season plan 2017\/2018 (in latvian)<\/h6>\n<p><strong><span style=\"color: #ff9900;\"><a href=\"https:\/\/www.kamerkoristonika.lv\/wp-content\/uploads\/2011\/10\/Tonika-pl\u0101ns-2017_2018precizets-janv.docx\"><span style=\"color: #ff9900;\">Click here to download<\/span><\/a><\/span><\/strong>\u00a0<\/div><div class=\"clearfix\"><\/div><\/p>\n<p><\/p>","protected":false},"excerpt":{"rendered":"","protected":false},"author":1,"featured_media":0,"parent":0,"menu_order":0,"comment_status":"open","ping_status":"closed","template":"template-frontpage-snivo.php","meta":{"footnotes":""},"class_list":["post-385","page","type-page","status-publish","hentry"],"_links":{"self":[{"href":"https:\/\/www.kamerkoristonika.lv\/en\/wp-json\/wp\/v2\/pages\/385","targetHints":{"allow":["GET"]}}],"collection":[{"href":"https:\/\/www.kamerkoristonika.lv\/en\/wp-json\/wp\/v2\/pages"}],"about":[{"href":"https:\/\/www.kamerkoristonika.lv\/en\/wp-json\/wp\/v2\/types\/page"}],"author":[{"embeddable":true,"href":"https:\/\/www.kamerkoristonika.lv\/en\/wp-json\/wp\/v2\/users\/1"}],"replies":[{"embeddable":true,"href":"https:\/\/www.kamerkoristonika.lv\/en\/wp-json\/wp\/v2\/comments?post=385"}],"version-history":[{"count":68,"href":"https:\/\/www.kamerkoristonika.lv\/en\/wp-json\/wp\/v2\/pages\/385\/revisions"}],"predecessor-version":[{"id":4250,"href":"https:\/\/www.kamerkoristonika.lv\/en\/wp-json\/wp\/v2\/pages\/385\/revisions\/4250"}],"wp:attachment":[{"href":"https:\/\/www.kamerkoristonika.lv\/en\/wp-json\/wp\/v2\/media?parent=385"}],"curies":[{"name":"wp","href":"https:\/\/api.w.org\/{rel}","templated":true}]}}