
{"id":279,"date":"2011-10-06T18:33:51","date_gmt":"2011-10-06T18:33:51","guid":{"rendered":"http:\/\/localhost\/wordpress\/?page_id=279"},"modified":"2024-03-02T19:41:41","modified_gmt":"2024-03-02T17:41:41","slug":"contact","status":"publish","type":"page","link":"https:\/\/www.kamerkoristonika.lv\/en\/contact\/","title":{"rendered":"Contact Us"},"content":{"rendered":"<p><br \/>\n<iframe loading=\"lazy\" src=\"https:\/\/www.google.com\/maps\/embed?pb=!1m18!1m12!1m3!1d2175.189206645754!2d24.1428745!3d56.96269139999991!2m3!1f0!2f0!3f0!3m2!1i1024!2i768!4f13.1!3m3!1m2!1s0x46eece4a5a19d339%3A0x4565278065942437!2zS3JpxaFqxIHFhmEgQmFyb25hIGllbGEgOTk!5e0!3m2!1sen!2s!4v1393149938579\" width=\"460\" height=\"400\" frameborder=\"0\" style=\"border:0\"><\/iframe><\/p>\n<div class=\"one-third\">\n<p><strong>BJC R\u012aGAS SKOL\u0112NU PILS<\/strong><br \/>\n<strong>KAMERKORIS TONIKA<\/strong><br \/>\nKri\u0161j\u0101\u0146a Barona 99,<br \/>\nR\u012bga, LV-1012<br \/>\nLATVIJA<br \/>\n<\/div>\n<div class=\"one-third\"><br \/>\n<\/div>\n<div class=\"one-third last\"><p style=\"text-align: right;\"><strong>Biedr\u012bba \u201eLAIDAVAS\u201d<\/strong><br \/>\nUg\u0101les iela 18, R\u012bga LV -1002<br \/>\nRe\u0123. Nr. 40008195937<br \/>\nKonta Nr. LV96 UNLA 0050019108705<br \/>\nSEB banka, Kods UNLA LV 2X<\/p><\/div><div class=\"clearfix\"><\/div><\/p>","protected":false},"excerpt":{"rendered":"","protected":false},"author":1,"featured_media":0,"parent":0,"menu_order":0,"comment_status":"closed","ping_status":"closed","template":"fullwidth.php","meta":{"footnotes":""},"class_list":["post-279","page","type-page","status-publish","hentry"],"_links":{"self":[{"href":"https:\/\/www.kamerkoristonika.lv\/en\/wp-json\/wp\/v2\/pages\/279","targetHints":{"allow":["GET"]}}],"collection":[{"href":"https:\/\/www.kamerkoristonika.lv\/en\/wp-json\/wp\/v2\/pages"}],"about":[{"href":"https:\/\/www.kamerkoristonika.lv\/en\/wp-json\/wp\/v2\/types\/page"}],"author":[{"embeddable":true,"href":"https:\/\/www.kamerkoristonika.lv\/en\/wp-json\/wp\/v2\/users\/1"}],"replies":[{"embeddable":true,"href":"https:\/\/www.kamerkoristonika.lv\/en\/wp-json\/wp\/v2\/comments?post=279"}],"version-history":[{"count":40,"href":"https:\/\/www.kamerkoristonika.lv\/en\/wp-json\/wp\/v2\/pages\/279\/revisions"}],"predecessor-version":[{"id":4623,"href":"https:\/\/www.kamerkoristonika.lv\/en\/wp-json\/wp\/v2\/pages\/279\/revisions\/4623"}],"wp:attachment":[{"href":"https:\/\/www.kamerkoristonika.lv\/en\/wp-json\/wp\/v2\/media?parent=279"}],"curies":[{"name":"wp","href":"https:\/\/api.w.org\/{rel}","templated":true}]}}