
{"id":2281,"date":"2012-09-21T08:22:22","date_gmt":"2012-09-21T05:22:22","guid":{"rendered":"https:\/\/www.kamerkoristonika.lv\/?page_id=2281"},"modified":"2017-09-24T21:43:56","modified_gmt":"2017-09-24T19:43:56","slug":"draugi-un-atbalstitaji","status":"publish","type":"page","link":"https:\/\/www.kamerkoristonika.lv\/en\/draugi-un-atbalstitaji\/","title":{"rendered":"Friends and Supporters"},"content":{"rendered":"<p><\/p>\n<h3><strong>Friends<\/strong><\/h3>\n<div class=\"one-forth\">\n<p style=\"text-align: center;\"><img loading=\"lazy\" decoding=\"async\" class=\" wp-image-2507 aligncenter\" title=\"TDK Ciekurs\" alt=\"\" src=\"https:\/\/www.kamerkoristonika.lv\/wp-content\/uploads\/2012\/09\/TDK_Ciekurs-300x199.jpg\" width=\"210\" height=\"139\" srcset=\"https:\/\/www.kamerkoristonika.lv\/wp-content\/uploads\/2012\/09\/TDK_Ciekurs-300x199.jpg 300w, https:\/\/www.kamerkoristonika.lv\/wp-content\/uploads\/2012\/09\/TDK_Ciekurs-620x412.jpg 620w, https:\/\/www.kamerkoristonika.lv\/wp-content\/uploads\/2012\/09\/TDK_Ciekurs.jpg 940w\" sizes=\"auto, (max-width: 210px) 100vw, 210px\" \/>\u00a0TDK \u010ciekurs<\/p>\n<\/div> <div class=\"one-forth\">\n<p style=\"text-align: center;\"><img loading=\"lazy\" decoding=\"async\" class=\"aligncenter  wp-image-2512\" title=\"Kokle\" alt=\"\" src=\"https:\/\/www.kamerkoristonika.lv\/wp-content\/uploads\/2012\/09\/Kokle-300x195.jpg\" width=\"210\" height=\"137\" srcset=\"https:\/\/www.kamerkoristonika.lv\/wp-content\/uploads\/2012\/09\/Kokle-300x195.jpg 300w, https:\/\/www.kamerkoristonika.lv\/wp-content\/uploads\/2012\/09\/Kokle-620x404.jpg 620w, https:\/\/www.kamerkoristonika.lv\/wp-content\/uploads\/2012\/09\/Kokle.jpg 940w\" sizes=\"auto, (max-width: 210px) 100vw, 210px\" \/>Folkloras kopa \u201eKokle\u201d <a href=\"http:\/\/www.draugiem.lv\/kokle\/\" target=\"_blank\">http:\/\/www.draugiem.lv\/kokle\/<\/a><\/p>\n<\/div> <div class=\"one-forth\">\n<p style=\"text-align: center;\"><img loading=\"lazy\" decoding=\"async\" class=\"aligncenter  wp-image-2514\" title=\"Austrina\" alt=\"\" src=\"https:\/\/www.kamerkoristonika.lv\/wp-content\/uploads\/2012\/09\/Austrina-300x195.jpg\" width=\"210\" height=\"137\" srcset=\"https:\/\/www.kamerkoristonika.lv\/wp-content\/uploads\/2012\/09\/Austrina-300x195.jpg 300w, https:\/\/www.kamerkoristonika.lv\/wp-content\/uploads\/2012\/09\/Austrina-620x404.jpg 620w, https:\/\/www.kamerkoristonika.lv\/wp-content\/uploads\/2012\/09\/Austrina.jpg 940w\" sizes=\"auto, (max-width: 210px) 100vw, 210px\" \/>Kokl\u0113t\u0101ju ansamblis \u201eAustri\u0146a\u201d <a href=\"https:\/\/twitter.com\/Austrina_kokle\" target=\"_blank\">https:\/\/twitter.com\/Austrina_kokle<\/a><\/p>\n<\/div> <div class=\"one-forth last\"><p style=\"text-align: center;\"><img loading=\"lazy\" decoding=\"async\" class=\"aligncenter  wp-image-2577\" title=\"TDA Uguntina\" alt=\"\" src=\"https:\/\/www.kamerkoristonika.lv\/wp-content\/uploads\/2012\/09\/TDA_Uguntina-300x189.jpg\" width=\"210\" height=\"137\" \/><span style=\"text-align: center;\">TDA \u201eUgunti\u0146a\u201d <\/span><a href=\"http:\/\/www.tdauguntina.lv\" target=\"_blank\">http:\/\/www.tdauguntina.lv<\/a><\/p><\/div><div class=\"clearfix\"><\/div> <div class=\"divider\"><\/div><\/p>\n<h3><strong>Supporters<\/strong><\/h3>\n<div class=\"one-half\">\n<p style=\"text-align: center;\"><img loading=\"lazy\" decoding=\"async\" class=\"aligncenter size-full wp-image-2536\" title=\"Rigas_skolenu_pils\" alt=\"\" src=\"https:\/\/www.kamerkoristonika.lv\/wp-content\/uploads\/2012\/09\/Rigas_skolenu_pils.jpg\" width=\"156\" height=\"189\" \/> R\u012bgas Skol\u0113nu pils <a href=\"http:\/\/www.rsp.lv\" target=\"_blank\">http:\/\/www.rsp.lv<\/a><\/p>\n<\/div> <div class=\"one-half last\"><p style=\"text-align: center;\"><img loading=\"lazy\" decoding=\"async\" class=\"size-full wp-image-2537 aligncenter\" title=\"RD IKSD\" alt=\"\" src=\"https:\/\/www.kamerkoristonika.lv\/wp-content\/uploads\/2012\/09\/rd_iksd_logo.jpg\" width=\"210\" height=\"189\" \/> R\u012bgas domes Izgl\u012bt\u012bbas, kult\u016bras un sporta departaments <a href=\"http:\/\/www.ijsd.riga.lv\" target=\"_blank\">http:\/\/www.ijsd.riga.lv<\/a><\/p><\/div><div class=\"clearfix\"><\/div><\/p>\n<p><\/p>","protected":false},"excerpt":{"rendered":"<p>Friends Supporters<\/p>\n","protected":false},"author":1,"featured_media":0,"parent":0,"menu_order":0,"comment_status":"closed","ping_status":"closed","template":"fullwidth.php","meta":{"footnotes":""},"class_list":["post-2281","page","type-page","status-publish","hentry"],"_links":{"self":[{"href":"https:\/\/www.kamerkoristonika.lv\/en\/wp-json\/wp\/v2\/pages\/2281","targetHints":{"allow":["GET"]}}],"collection":[{"href":"https:\/\/www.kamerkoristonika.lv\/en\/wp-json\/wp\/v2\/pages"}],"about":[{"href":"https:\/\/www.kamerkoristonika.lv\/en\/wp-json\/wp\/v2\/types\/page"}],"author":[{"embeddable":true,"href":"https:\/\/www.kamerkoristonika.lv\/en\/wp-json\/wp\/v2\/users\/1"}],"replies":[{"embeddable":true,"href":"https:\/\/www.kamerkoristonika.lv\/en\/wp-json\/wp\/v2\/comments?post=2281"}],"version-history":[{"count":56,"href":"https:\/\/www.kamerkoristonika.lv\/en\/wp-json\/wp\/v2\/pages\/2281\/revisions"}],"predecessor-version":[{"id":4054,"href":"https:\/\/www.kamerkoristonika.lv\/en\/wp-json\/wp\/v2\/pages\/2281\/revisions\/4054"}],"wp:attachment":[{"href":"https:\/\/www.kamerkoristonika.lv\/en\/wp-json\/wp\/v2\/media?parent=2281"}],"curies":[{"name":"wp","href":"https:\/\/api.w.org\/{rel}","templated":true}]}}